{"id":60996,"date":"2020-09-18T17:51:39","date_gmt":"2020-09-18T17:51:39","guid":{"rendered":"https:\/\/shiawaves.com\/persian\/?page_id=60996"},"modified":"2024-06-06T16:05:14","modified_gmt":"2024-06-06T16:05:14","slug":"contact-us","status":"publish","type":"page","link":"https:\/\/shiawaves.com\/turkish\/contact-us\/","title":{"rendered":"\u015eia Haberleri \u0130le \u0130leti\u015fim"},"content":{"rendered":"","protected":false},"excerpt":{"rendered":"","protected":false},"author":1,"featured_media":0,"parent":0,"menu_order":0,"comment_status":"closed","ping_status":"closed","template":"","meta":{"rop_custom_images_group":[],"rop_custom_messages_group":[],"rop_publish_now":"initial","rop_publish_now_accounts":[],"rop_publish_now_history":[],"rop_publish_now_status":"pending","footnotes":""},"class_list":["post-60996","page","type-page","status-publish","hentry"],"_wp_page_template":"default","_wp_attached_file":null,"_wp_attachment_metadata":null,"_edit_lock":"1717689914:1","yoast_head":"<!-- This site is optimized with the Yoast SEO plugin v24.3 - https:\/\/yoast.com\/wordpress\/plugins\/seo\/ -->\n<title>\u015eia Haberleri \u0130le \u0130leti\u015fim - ShiaWaves Turkish - \u015eia Haberleri<\/title>\n<meta name=\"robots\" content=\"index, follow, max-snippet:-1, max-image-preview:large, max-video-preview:-1\" \/>\n<link rel=\"canonical\" href=\"https:\/\/shiawaves.com\/turkish\/contact-us\/\" \/>\n<meta property=\"og:locale\" content=\"tr_TR\" \/>\n<meta property=\"og:type\" content=\"article\" \/>\n<meta property=\"og:title\" content=\"\u015eia Haberleri \u0130le \u0130leti\u015fim - ShiaWaves Turkish - \u015eia Haberleri\" \/>\n<meta property=\"og:url\" content=\"https:\/\/shiawaves.com\/turkish\/contact-us\/\" \/>\n<meta property=\"og:site_name\" content=\"ShiaWaves Turkish - \u015eia Haberleri\" \/>\n<meta property=\"article:modified_time\" content=\"2024-06-06T16:05:14+00:00\" \/>\n<meta name=\"twitter:card\" content=\"summary_large_image\" \/>\n<script type=\"application\/ld+json\" class=\"yoast-schema-graph\">{\"@context\":\"https:\/\/schema.org\",\"@graph\":[{\"@type\":\"WebPage\",\"@id\":\"https:\/\/shiawaves.com\/turkish\/contact-us\/\",\"url\":\"https:\/\/shiawaves.com\/turkish\/contact-us\/\",\"name\":\"\u015eia Haberleri \u0130le \u0130leti\u015fim - ShiaWaves Turkish - \u015eia Haberleri\",\"isPartOf\":{\"@id\":\"https:\/\/shiawaves.com\/turkish\/#website\"},\"datePublished\":\"2020-09-18T17:51:39+00:00\",\"dateModified\":\"2024-06-06T16:05:14+00:00\",\"breadcrumb\":{\"@id\":\"https:\/\/shiawaves.com\/turkish\/contact-us\/#breadcrumb\"},\"inLanguage\":\"tr\",\"potentialAction\":[{\"@type\":\"ReadAction\",\"target\":[\"https:\/\/shiawaves.com\/turkish\/contact-us\/\"]}]},{\"@type\":\"BreadcrumbList\",\"@id\":\"https:\/\/shiawaves.com\/turkish\/contact-us\/#breadcrumb\",\"itemListElement\":[{\"@type\":\"ListItem\",\"position\":1,\"name\":\"Home\",\"item\":\"https:\/\/shiawaves.com\/turkish\/\"},{\"@type\":\"ListItem\",\"position\":2,\"name\":\"\u015eia Haberleri \u0130le \u0130leti\u015fim\"}]},{\"@type\":\"WebSite\",\"@id\":\"https:\/\/shiawaves.com\/turkish\/#website\",\"url\":\"https:\/\/shiawaves.com\/turkish\/\",\"name\":\"ShiaWaves Turkish - \u015eia Haberleri\",\"description\":\"\",\"potentialAction\":[{\"@type\":\"SearchAction\",\"target\":{\"@type\":\"EntryPoint\",\"urlTemplate\":\"https:\/\/shiawaves.com\/turkish\/?s={search_term_string}\"},\"query-input\":{\"@type\":\"PropertyValueSpecification\",\"valueRequired\":true,\"valueName\":\"search_term_string\"}}],\"inLanguage\":\"tr\"}]}<\/script>\n<!-- \/ Yoast SEO plugin. -->","yoast_head_json":{"title":"\u015eia Haberleri \u0130le \u0130leti\u015fim - ShiaWaves Turkish - \u015eia Haberleri","robots":{"index":"index","follow":"follow","max-snippet":"max-snippet:-1","max-image-preview":"max-image-preview:large","max-video-preview":"max-video-preview:-1"},"canonical":"https:\/\/shiawaves.com\/turkish\/contact-us\/","og_locale":"tr_TR","og_type":"article","og_title":"\u015eia Haberleri \u0130le \u0130leti\u015fim - ShiaWaves Turkish - \u015eia Haberleri","og_url":"https:\/\/shiawaves.com\/turkish\/contact-us\/","og_site_name":"ShiaWaves Turkish - \u015eia Haberleri","article_modified_time":"2024-06-06T16:05:14+00:00","twitter_card":"summary_large_image","schema":{"@context":"https:\/\/schema.org","@graph":[{"@type":"WebPage","@id":"https:\/\/shiawaves.com\/turkish\/contact-us\/","url":"https:\/\/shiawaves.com\/turkish\/contact-us\/","name":"\u015eia Haberleri \u0130le \u0130leti\u015fim - ShiaWaves Turkish - \u015eia Haberleri","isPartOf":{"@id":"https:\/\/shiawaves.com\/turkish\/#website"},"datePublished":"2020-09-18T17:51:39+00:00","dateModified":"2024-06-06T16:05:14+00:00","breadcrumb":{"@id":"https:\/\/shiawaves.com\/turkish\/contact-us\/#breadcrumb"},"inLanguage":"tr","potentialAction":[{"@type":"ReadAction","target":["https:\/\/shiawaves.com\/turkish\/contact-us\/"]}]},{"@type":"BreadcrumbList","@id":"https:\/\/shiawaves.com\/turkish\/contact-us\/#breadcrumb","itemListElement":[{"@type":"ListItem","position":1,"name":"Home","item":"https:\/\/shiawaves.com\/turkish\/"},{"@type":"ListItem","position":2,"name":"\u015eia Haberleri \u0130le \u0130leti\u015fim"}]},{"@type":"WebSite","@id":"https:\/\/shiawaves.com\/turkish\/#website","url":"https:\/\/shiawaves.com\/turkish\/","name":"ShiaWaves Turkish - \u015eia Haberleri","description":"","potentialAction":[{"@type":"SearchAction","target":{"@type":"EntryPoint","urlTemplate":"https:\/\/shiawaves.com\/turkish\/?s={search_term_string}"},"query-input":{"@type":"PropertyValueSpecification","valueRequired":true,"valueName":"search_term_string"}}],"inLanguage":"tr"}]}},"_links":{"self":[{"href":"https:\/\/shiawaves.com\/turkish\/wp-json\/wp\/v2\/pages\/60996","targetHints":{"allow":["GET"]}}],"collection":[{"href":"https:\/\/shiawaves.com\/turkish\/wp-json\/wp\/v2\/pages"}],"about":[{"href":"https:\/\/shiawaves.com\/turkish\/wp-json\/wp\/v2\/types\/page"}],"author":[{"embeddable":true,"href":"https:\/\/shiawaves.com\/turkish\/wp-json\/wp\/v2\/users\/1"}],"replies":[{"embeddable":true,"href":"https:\/\/shiawaves.com\/turkish\/wp-json\/wp\/v2\/comments?post=60996"}],"version-history":[{"count":1,"href":"https:\/\/shiawaves.com\/turkish\/wp-json\/wp\/v2\/pages\/60996\/revisions"}],"predecessor-version":[{"id":61658,"href":"https:\/\/shiawaves.com\/turkish\/wp-json\/wp\/v2\/pages\/60996\/revisions\/61658"}],"wp:attachment":[{"href":"https:\/\/shiawaves.com\/turkish\/wp-json\/wp\/v2\/media?parent=60996"}],"curies":[{"name":"wp","href":"https:\/\/api.w.org\/{rel}","templated":true}]}}